{"id":2341,"date":"2022-12-04T12:57:45","date_gmt":"2022-12-04T11:57:45","guid":{"rendered":"https:\/\/landhaus-klosterwald.de\/contact\/"},"modified":"2023-10-25T20:12:40","modified_gmt":"2023-10-25T18:12:40","slug":"contact","status":"publish","type":"page","link":"https:\/\/landhaus-klosterwald.de\/en\/contact\/","title":{"rendered":"Contact"},"content":{"rendered":"\n<style type=\"text\/css\" data-created_by=\"avia_inline_auto\" id=\"style-css-av-lb9bat5m-37f9314f54c7d61a587993d582870eb4\">\n.avia-section.av-lb9bat5m-37f9314f54c7d61a587993d582870eb4 .av-parallax .av-parallax-inner{\nbackground-repeat:no-repeat;\nbackground-image:url(https:\/\/landhaus-klosterwald.de\/wp-content\/uploads\/2022\/12\/Landhaus_Klosterwald_Kontakt.jpg);\nbackground-position:50% 50%;\nbackground-attachment:scroll;\n}\n<\/style>\n<div id='av_section_1'  class='avia-section av-lb9bat5m-37f9314f54c7d61a587993d582870eb4 main_color avia-section-default avia-no-border-styling  avia-builder-el-0  el_before_av_one_half  avia-builder-el-first  avia-full-stretch av-parallax-section avia-bg-style-parallax av-minimum-height av-minimum-height-75 av-height-75  container_wrap sidebar_right'  data-section-bg-repeat='stretch' data-av_minimum_height_pc='75' data-av_min_height_opt='75'><div class='av-parallax' data-avia-parallax-ratio='0.3' ><div class='av-parallax-inner main_color avia-full-stretch'><\/div><\/div><div class='container av-section-cont-open' ><main  role=\"main\" itemprop=\"mainContentOfPage\"  class='template-page content  av-content-small alpha units'><div class='post-entry post-entry-type-page post-entry-2341'><div class='entry-content-wrapper clearfix'><\/div><\/div><\/main><!-- close content main element --><\/div><\/div><div id='after_section_1'  class='main_color av_default_container_wrap container_wrap sidebar_right'  ><div class='container av-section-cont-open' ><div class='template-page content  av-content-small alpha units'><div class='post-entry post-entry-type-page post-entry-2341'><div class='entry-content-wrapper clearfix'>\n<div class='flex_column_table av-1hbk1p-d09199e6122650529048254d3c19b45e sc-av_one_half av-equal-height-column-flextable'>\n<style type=\"text\/css\" data-created_by=\"avia_inline_auto\" id=\"style-css-av-1hbk1p-d09199e6122650529048254d3c19b45e\">\n#top .flex_column_table.av-equal-height-column-flextable.av-1hbk1p-d09199e6122650529048254d3c19b45e{\nmargin-top:-100px;\nmargin-bottom:0px;\n}\n.flex_column.av-1hbk1p-d09199e6122650529048254d3c19b45e{\nborder-radius:0px 0px 0px 0px;\npadding:50px 50px 50px 50px;\nbackground-color:#f8f8f8;\n}\n<\/style>\n<div  class='flex_column av-1hbk1p-d09199e6122650529048254d3c19b45e av_one_half  avia-builder-el-1  el_after_av_section  el_before_av_one_half  avia-builder-el-first  first no_margin flex_column_table_cell av-equal-height-column av-align-top  '     ><p>\n<style type=\"text\/css\" data-created_by=\"avia_inline_auto\" id=\"style-css-av-lb9b5zn1-42c92576d4b15e57c2a6df2787e2a5f3\">\n#top .av-special-heading.av-lb9b5zn1-42c92576d4b15e57c2a6df2787e2a5f3{\npadding-bottom:10px;\n}\nbody .av-special-heading.av-lb9b5zn1-42c92576d4b15e57c2a6df2787e2a5f3 .av-special-heading-tag .heading-char{\nfont-size:25px;\n}\n.av-special-heading.av-lb9b5zn1-42c92576d4b15e57c2a6df2787e2a5f3 .av-subheading{\nfont-size:15px;\n}\n<\/style>\n<div  class='av-special-heading av-lb9b5zn1-42c92576d4b15e57c2a6df2787e2a5f3 av-special-heading-h1 blockquote modern-quote  avia-builder-el-2  el_before_av_textblock  avia-builder-el-first '><h1 class='av-special-heading-tag '  itemprop=\"headline\"  >Nice to see you here!<\/h1><div class=\"special-heading-border\"><div class=\"special-heading-inner-border\"><\/div><\/div><\/div><br \/>\n<section  class='av_textblock_section av-lb9b67w8-32f7ca090e4da90590b3af31516cac59 '   itemscope=\"itemscope\" itemtype=\"https:\/\/schema.org\/CreativeWork\" ><div class='avia_textblock'  itemprop=\"text\" ><p>Maybe you are interested in more information about us?<br \/>\nThen we are happy about you doing the next step and make contact to us.<\/p>\n<p>You will hear from us, soon!<\/p>\n<p><strong>Landhaus Klosterwald<br \/>\nAm Klosterwald 1<br \/>\n35423 Lich &#8211; Arnsburg<\/strong><\/p>\n<p>Telephone: 0 64 04 \/ 91 01 &#8211; 0<br \/>\nFax: 0 64 04 \/ 91 01 &#8211; 34<\/p>\n<p>E-Mail: <a href=\"mailto:info@landhaus-klosterwald.de\" target=\"_blank\" rel=\"noopener\">info@landhaus-klosterwald.de<\/a><\/p>\n<\/div><\/section><br \/>\n<div  class='hr av-av_hr-91d7ccd583a503147498e120fee2ff9b hr-default  avia-builder-el-4  el_after_av_textblock  el_before_av_textblock '><span class='hr-inner '><span class=\"hr-inner-style\"><\/span><\/span><\/div><br \/>\n<section  class='av_textblock_section av-lbar0n7r-ef47e9a659b55879268e0d1321a3be60 '   itemscope=\"itemscope\" itemtype=\"https:\/\/schema.org\/CreativeWork\" ><div class='avia_textblock'  itemprop=\"text\" ><p><strong>Markus M\u00fcller<br \/>\n<\/strong>Gesch\u00e4ftsf\u00fchrer &amp; K\u00fcchenchef<\/p>\n\n<style type=\"text\/css\" data-created_by=\"avia_inline_auto\" id=\"style-css-av-av_hr-3cdc9664f29087702913853352eac422\">\n#top .hr.hr-invisible.av-av_hr-3cdc9664f29087702913853352eac422{\nheight:10px;\n}\n<\/style>\n<div  class='hr av-av_hr-3cdc9664f29087702913853352eac422 hr-invisible  avia-builder-el-6  avia-builder-el-no-sibling '><span class='hr-inner '><span class=\"hr-inner-style\"><\/span><\/span><\/div>\n<p><strong>Veronika Haupt<br \/>\n<\/strong>Hotel- &amp; Restaurantleiterin<\/p>\n<\/div><\/section><\/p><\/div>\n<style type=\"text\/css\" data-created_by=\"avia_inline_auto\" id=\"style-css-av-lb9bfolk-236b1bd05da3254502403fe270564c98\">\n#top .flex_column_table.av-equal-height-column-flextable.av-lb9bfolk-236b1bd05da3254502403fe270564c98{\nmargin-top:-100px;\nmargin-bottom:0px;\n}\n.flex_column.av-lb9bfolk-236b1bd05da3254502403fe270564c98{\nborder-radius:0px 0px 0px 0px;\npadding:50px 50px 50px 50px;\nbackground:url(https:\/\/landhaus-klosterwald.de\/wp-content\/uploads\/2021\/06\/Klosterwald_Familie.jpg) 50% 50% no-repeat scroll #812a24;\n}\n<\/style>\n<div  class='flex_column av-lb9bfolk-236b1bd05da3254502403fe270564c98 av_one_half  avia-builder-el-7  el_after_av_one_half  el_before_av_hr  no_margin flex_column_table_cell av-equal-height-column av-align-top avia-full-contain  '     ><p>\n<style type=\"text\/css\" data-created_by=\"avia_inline_auto\" id=\"style-css-av-4gn25-b42813ef8b20a095078ffafce13f48fc\">\n#top .hr.hr-invisible.av-4gn25-b42813ef8b20a095078ffafce13f48fc{\nheight:150px;\n}\n<\/style>\n<div  class='hr av-4gn25-b42813ef8b20a095078ffafce13f48fc hr-invisible  avia-builder-el-8  el_before_av_hr  avia-builder-el-first '><span class='hr-inner '><span class=\"hr-inner-style\"><\/span><\/span><\/div><br \/>\n\n<style type=\"text\/css\" data-created_by=\"avia_inline_auto\" id=\"style-css-av-11iv1x-6a98020a17d76a85c582926a4a23c057\">\n#top .hr.hr-invisible.av-11iv1x-6a98020a17d76a85c582926a4a23c057{\nheight:150px;\n}\n<\/style>\n<div  class='hr av-11iv1x-6a98020a17d76a85c582926a4a23c057 hr-invisible  avia-builder-el-9  el_after_av_hr  avia-builder-el-last '><span class='hr-inner '><span class=\"hr-inner-style\"><\/span><\/span><\/div><\/p><\/div><\/div><!--close column table wrapper. Autoclose: 1 --><\/p>\n\n<style type=\"text\/css\" data-created_by=\"avia_inline_auto\" id=\"style-css-av-lb9bsxqu-c3870cff071bb8b6baf203fa04da71af\">\n#top .hr.hr-invisible.av-lb9bsxqu-c3870cff071bb8b6baf203fa04da71af{\nheight:50px;\n}\n<\/style>\n<div  class='hr av-lb9bsxqu-c3870cff071bb8b6baf203fa04da71af hr-invisible  avia-builder-el-10  el_after_av_one_half  el_before_av_one_full '><span class='hr-inner '><span class=\"hr-inner-style\"><\/span><\/span><\/div>\n\n<style type=\"text\/css\" data-created_by=\"avia_inline_auto\" id=\"style-css-av-vpsth-75a294f883b2231cf6859300637336a2\">\n.flex_column.av-vpsth-75a294f883b2231cf6859300637336a2{\nborder-radius:0px 0px 0px 0px;\npadding:0px 0px 0px 0px;\n}\n<\/style>\n<div  class='flex_column av-vpsth-75a294f883b2231cf6859300637336a2 av_one_full  avia-builder-el-11  el_after_av_hr  avia-builder-el-last  first flex_column_div av-zero-column-padding  '     ><form action=\"https:\/\/landhaus-klosterwald.de\/en\/contact\/\" method=\"post\" data-fields-with-error=\"Found errors in the following field(s):\" class=\"avia_ajax_form av-form-labels-visible   avia-builder-el-12  avia-builder-el-no-sibling   \" data-avia-form-id=\"1\" data-avia-redirect='' ><h3 class=''>Thank you for sending us your message!<\/h3><fieldset><p class='  first_form  form_element form_fullwidth' id='element_avia_1_1'><label for=\"avia_1_1\">Name <abbr class=\"required\" title=\"required\">*<\/abbr><\/label> <input name=\"avia_1_1\" class=\"text_input is_empty\" type=\"text\" id=\"avia_1_1\" value=\"\" \/><\/p><p class='  first_form  form_element form_fullwidth' id='element_avia_2_1'><label for=\"avia_2_1\">Company name<\/label> <input name=\"avia_2_1\" class=\"text_input \" type=\"text\" id=\"avia_2_1\" value=\"\" \/><\/p><p class='  first_form  form_element form_fullwidth' id='element_avia_3_1'><label for=\"avia_3_1\">E-Mail <abbr class=\"required\" title=\"required\">*<\/abbr><\/label> <input name=\"avia_3_1\" class=\"text_input is_email\" type=\"text\" id=\"avia_3_1\" value=\"\" \/><\/p><p class='  first_form  form_element form_fullwidth' id='element_avia_4_1'><label for=\"avia_4_1\">Reference <abbr class=\"required\" title=\"required\">*<\/abbr><\/label> <input name=\"avia_4_1\" class=\"text_input is_empty\" type=\"text\" id=\"avia_4_1\" value=\"\" \/><\/p><p class='  first_form  form_element form_fullwidth av-last-visible-form-element' id='element_avia_5_1'><label for=\"avia_5_1\" class=\"textare_label hidden textare_label_avia_5_1\">Message <abbr class=\"required\" title=\"required\">*<\/abbr><\/label><textarea  name=\"avia_5_1\" class=\"text_area is_empty\" cols=\"40\" rows=\"7\" id=\"avia_5_1\" ><\/textarea><\/p><p class=\"hidden\"><input type=\"text\" name=\"avia_6_1\" class=\"hidden \" id=\"avia_6_1\" value=\"\" \/><\/p><p class=\"form_element \"><input type=\"hidden\" value=\"1\" name=\"avia_generated_form1\" \/><input type=\"submit\" value=\"Send\" class=\"button\"  data-sending-label=\"Sending\"\/><\/p><\/fieldset><\/form><div id=\"ajaxresponse_1\" class=\"ajaxresponse ajaxresponse_1 hidden\"><\/div><\/div>\n","protected":false},"excerpt":{"rendered":"","protected":false},"author":4,"featured_media":0,"parent":0,"menu_order":0,"comment_status":"closed","ping_status":"closed","template":"template-klosterwald.php","meta":{"footnotes":""},"class_list":["post-2341","page","type-page","status-publish","hentry"],"_links":{"self":[{"href":"https:\/\/landhaus-klosterwald.de\/en\/wp-json\/wp\/v2\/pages\/2341","targetHints":{"allow":["GET"]}}],"collection":[{"href":"https:\/\/landhaus-klosterwald.de\/en\/wp-json\/wp\/v2\/pages"}],"about":[{"href":"https:\/\/landhaus-klosterwald.de\/en\/wp-json\/wp\/v2\/types\/page"}],"author":[{"embeddable":true,"href":"https:\/\/landhaus-klosterwald.de\/en\/wp-json\/wp\/v2\/users\/4"}],"replies":[{"embeddable":true,"href":"https:\/\/landhaus-klosterwald.de\/en\/wp-json\/wp\/v2\/comments?post=2341"}],"version-history":[{"count":1,"href":"https:\/\/landhaus-klosterwald.de\/en\/wp-json\/wp\/v2\/pages\/2341\/revisions"}],"predecessor-version":[{"id":2342,"href":"https:\/\/landhaus-klosterwald.de\/en\/wp-json\/wp\/v2\/pages\/2341\/revisions\/2342"}],"wp:attachment":[{"href":"https:\/\/landhaus-klosterwald.de\/en\/wp-json\/wp\/v2\/media?parent=2341"}],"curies":[{"name":"wp","href":"https:\/\/api.w.org\/{rel}","templated":true}]}}